{"id":819,"date":"2020-10-21T12:26:05","date_gmt":"2020-10-21T10:26:05","guid":{"rendered":"http:\/\/www.institut-liebman.be\/?page_id=819"},"modified":"2025-03-11T14:29:47","modified_gmt":"2025-03-11T13:29:47","slug":"dictionnaire-biographique-du-mouvement-ouvrier-en-belgique-dbmob","status":"publish","type":"page","link":"https:\/\/www.institut-liebman.be\/index.php\/dictionnaire-biographique-du-mouvement-ouvrier-en-belgique-dbmob\/","title":{"rendered":"Dictionnaire biographique du mouvement ouvrier en Belgique &#8211; DBMOB"},"content":{"rendered":"\n<p class=\"has-text-align-center\">!!! <strong>Vendredi 11 avril 2025 (13h-17h \u00e0 l&rsquo;Universit\u00e9 de Li\u00e8ge) &#8211; Journ\u00e9e d\u2019\u00e9tude\u00a0du groupe de contact FNRS-FRS \u00ab\u00a0Sociobiographie des militant.es du mouvement ouvrier en Belgique \u00bb <\/strong>!!!<\/p>\n\n\n\n<p class=\"has-text-align-center\"><em> <strong>En quoi le film documentaire peut-il nourrir la notice biographique?<\/strong><\/em> <\/p>\n\n\n\n<p class=\"has-text-align-center\">Programme complet et informations disponibles ici : <a href=\"https:\/\/www.institut-liebman.be\/index.php\/2025\/03\/11\/11-avril-2025-13h-17h-a-luniversite-de-liege-en-quoi-le-film-documentaire-peut-il-nourrir-la-notice-biographique-journee-detude-du-groupe-de-contact-frs-fnrs-sociobiographie-des-militant\/\">https:\/\/www.institut-liebman.be\/index.php\/2025\/03\/11\/11-avril-2025-13h-17h-a-luniversite-de-liege-en-quoi-le-film-documentaire-peut-il-nourrir-la-notice-biographique-journee-detude-du-groupe-de-contact-frs-fnrs-sociobiographie-des-militant\/<\/a><\/p>\n\n\n\n<p><\/p>\n\n\n\n<p class=\"has-text-align-center\"><strong>Pr\u00e9sentation projet<\/strong> <\/p>\n\n\n\n<p>Le <em>Dictionnaire biographique du Mouvement ouvrier en Belgique<\/em> (DBMOB) est un projet qui a \u00e9t\u00e9 initi\u00e9 en 1979 par Jean Puissant et Hubert Dewez alias Jean  Neuville. Il  a d\u00e9bouch\u00e9 en 1996 sur la publication (\u00c9ditions Vie Ouvri\u00e8re)  d\u2019un volume de trois mille notices de militant-e-s pour les lettres A et  B. Mais ce projet est interrompu en 1998, notamment en raison du d\u00e9c\u00e8s  de Jean&nbsp;Neuville. En 2011, quelques membres de la premi\u00e8re \u00e9quipe \u2013 avec le soutien du Centre d\u2019animation et de recherche en histoire ouvri\u00e8re et populaire (<a href=\"http:\/\/www.carhop.be\/\">CARHOP<\/a>)  \u2013 relancent le projet \u00e0 partir des nombreux dossiers constitu\u00e9s entre  autres par Jean Neuville. Ren\u00e9e Dresse, historienne au CARHOP, en  devient&nbsp;l\u2019administratrice. L\u2019objectif poursuivi est d\u00e9sormais double&nbsp;: int\u00e9grer des notices belges dans une <a href=\"https:\/\/maitron.fr\/spip.php?mot2333\">rubrique Belgique<\/a>,  cr\u00e9\u00e9e \u00e0 cet effet sur le site internet du Maitron et r\u00e9aliser un  dictionnaire imprim\u00e9, \u00e0 para\u00eetre en 2024, comprenant 500 notices de  personnalit\u00e9s du mouvement ouvrier (notices de&nbsp;A-Z). Une pr\u00e9sentation (datant de 2017) d\u00e9taill\u00e9e du projet du dictionnaire biographique du mouvement ouvrier en Belgique est disponible \u00e0 l&rsquo;adresse suivante : <a href=\"http:\/\/Voici une pr\u00e9sentation (datant de 2017) d\u00e9taill\u00e9e du projet du dictionnaire du mouvement ouvrier.  https:\/\/www.contemporanea.be\/nl\/article\/2017-1-geschiedenis-online-dbmob\">https:\/\/www.contemporanea.be\/nl\/article\/2017-1-geschiedenis-online-dbmob <\/a>.    <\/p>\n\n\n\n<p> Depuis la fin 2015, le financement obtenu par le Fonds national de la  recherche scientifique (FNRS) pour la constitution,  par le biais du Centre d\u2019Histoire et de Sociologie des Gauches de l\u2019Universit\u00e9 libre de Bruxelles (<a href=\"https:\/\/chsg.ulb.ac.be\">CHSG<\/a>, ULB) , d\u2019un groupe de  contact intitul\u00e9 \u00ab Sociobiographie des militant-e-s du mouvement ouvrier  en Belgique \u00bb , dont la pr\u00e9sidence est assur\u00e9e par Eric Geerkens de l&rsquo;Universit\u00e9 de Li\u00e8ge  et le secr\u00e9tariat par Francine Bolle de l&rsquo;Universit\u00e9 libre de Bruxelles et coordinatrice de notre Institut Marcel Liebman. <\/p>\n\n\n\n<h3 class=\"wp-block-heading\"> Liste des derni\u00e8res notices mises en ligne (depuis l&rsquo;\u00e9t\u00e9 2020) : <\/h3>\n\n\n\n<p><\/p>\n\n\n\n<ul class=\"wp-block-list\">\n<li><a href=\"https:\/\/maitron.fr\/spip.php?article252925\" target=\"_blank\" rel=\"noreferrer noopener\">Roger Somville<\/a> (par Jean Puissant) &#8211; notice publi\u00e9e \u00e0 l&rsquo;occasion du centi\u00e8me anniversaire de sa naissance : Schaerbeek, 13 novembre 1923 \u2013 Tervuren, 31 mars 2014. Enseignant, peintre d\u00e9fenseur du r\u00e9alisme, militant communiste. <\/li>\n\n\n\n<li><a href=\"https:\/\/maitron.fr\/spip.php?article251597\" target=\"_blank\" rel=\"noreferrer noopener\">Joseph Verhoeven<\/a> (par Marie-Th\u00e9r\u00e8se Coenen): N\u00e9 \u00e0 Seny (aujourd\u2019hui commune de Tinlot, pr. Li\u00e8ge, arr. Huy), le 18 d\u00e9cembre 1911, d\u00e9c\u00e9d\u00e9 \u00e0 Bruxelles (R\u00e9gion de Bruxelles-Capitale), 6 mars 1997. Employ\u00e9 puis dirigeant de la JOC nationale, membre fondateur du Mouvement populaire des familles, journaliste dans la presse catholique et essayiste.<\/li>\n\n\n\n<li><a href=\"https:\/\/maitron.fr\/spip.php?article252222\">Andr\u00e9 Cornerotte<\/a> (d\u00e9c\u00e9d\u00e9 le 17 f\u00e9vrier 2022), notice d\u2019hommage r\u00e9dig\u00e9e par Georges Grinberg, Luc Voets, Beno\u00eet Cornerotte, Annette Tondeur : pr\u00eatre ouvrier puis employ\u00e9 au bureau d\u2019\u00e9tude de la F\u00e9d\u00e9ration g\u00e9n\u00e9rale du travail de Belgique (FGTB), d\u00e9l\u00e9gu\u00e9 syndical du personnel de la FGTB.<\/li>\n\n\n\n<li><a href=\"https:\/\/maitron.fr\/spip.php?article251599\">Jean Heinen<\/a> (par Marie-Th\u00e9r\u00e8se Coenen) : Journaliste et directeur de la presse d\u00e9mocrate-chr\u00e9tienne.<\/li>\n\n\n\n<li><a href=\"https:\/\/maitron.fr\/spip.php?article251438\">Georges Glineur<\/a> (par Adrian Thomas, historien de l\u2019Universit\u00e9 de Li\u00e8ge) : Ouvrier, communiste, dirigeant de la f\u00e9d\u00e9ration carolor\u00e9gienne du Parti communiste de Belgique (1944-1946, 1949-1991), membre de son Bureau politique (1950-1985), d\u00e9put\u00e9 de l\u2019arrondissement de Charleroi, conseiller communal et \u00e9chevin de Courcelles et membre du Conseil r\u00e9gional wallon, fr\u00e8re d\u2019Henri Glineur*.<\/li>\n\n\n\n<li><a href=\"https:\/\/maitron.fr\/spip.php?article250885\">Daniel Bekaert<\/a> (d\u00e9c\u00e9d\u00e9 le 8 d\u00e9cembre 2021), notice r\u00e9dig\u00e9e par par Xavier Bekaert : Daniel Bekaert \u00e9tait travailleur du livre, anarchiste individualiste, militant syndical.<\/li>\n\n\n\n<li><a href=\"https:\/\/maitron.fr\/spip.php?article249387\">Z\u00e9na\u00efde Kotchetkova<\/a> (par Martin Georges, Universit\u00e9 de Li\u00e8ge, doctorant) : socialiste et f\u00e9ministe, d\u2019origine ukrainienne, militante en Belgique.<\/li>\n\n\n\n<li><a style=\"font-size: 1rem;\" href=\"https:\/\/maitron.fr\/spip.php?article248500\" target=\"_blank\" rel=\"noreferrer noopener\">Paulette  Pierson-Mathy<\/a><span style=\"font-size: 1rem;\"> (d\u00e9c\u00e9d\u00e9e le 19 septembre 2021), hommage par Paul-Emmanuel Babin (Universit\u00e9 de Lille) : assistante puis professeur de droit international public \u00e0 l\u2019 Universit\u00e9 de Li\u00e8ge et \u00e0 l\u2019ULB &#8211; Universit\u00e9 libre de Bruxelles, Juriste sp\u00e9cialiste de l\u2019Afrique du Sud, militante du Parti socialiste, pacifiste, membre du Bureau de l\u2019Association belge des juristes d\u00e9mocrates (ABJD), r\u00e9sistante belge \u00e0 la guerre d\u2019Alg\u00e9rie, combattante pour l\u2019ind\u00e9pendance des peuples et pour la r\u00e9unification des \u00c9tats, d\u00e9fenseure du respect des libert\u00e9s d\u00e9mocratiques et opposante \u00e0 l\u2019apartheid. <\/span><\/li>\n\n\n\n<li><a href=\"https:\/\/maitron.fr\/spip.php?article246760\">Marcel Labaere<\/a> (par Adrian Thomas, historien de l&rsquo;Universit\u00e9 de Li\u00e8ge, auteur de \u00ab&nbsp;Robert Dussart. Une histoire ouvri\u00e8re des ACEC&nbsp;\u00bb, \u00e9d. Aden, 2021) : ouvrier m\u00e9tallurgiste, syndicaliste, communiste, pacifiste, d\u00e9l\u00e9gu\u00e9 principal de la C\u00e2blerie de Charleroi (ACEC-CDC &#8211; pr. Hainaut, arr. Charleroi).<\/li>\n\n\n\n<li><a href=\"https:\/\/maitron.fr\/spip.php?article246803\">Auguste W\u00e9ry<\/a> (par Adrian Thomas, historien de l&rsquo;Universit\u00e9 de Li\u00e8ge, auteur de \u00ab&nbsp;Robert Dussart. Une histoire ouvri\u00e8re des ACEC&nbsp;\u00bb, \u00e9d. Aden, 2021) : ouvrier m\u00e9tallurgiste, syndicaliste, communiste, mao\u00efste, d\u00e9l\u00e9gu\u00e9 principal des ACEC de Charleroi.<\/li>\n\n\n\n<li><a href=\"https:\/\/maitron.fr\/spip.php?article240755\">MANDEL Ernst Ezra (Ernest)<\/a> (par Jan Willem Stutje, auteur de l&rsquo;ouvrage : \u00ab\u00a0Ernest Mandel, un r\u00e9volutionnaire dans le si\u00e8cle\u00a0\u00bb, \u00e9ditions syllepse, mars 2021) : &nbsp;\u00c9conomiste marxiste de renomm\u00e9e internationale, dirigeant de la Quatri\u00e8me Internationale, son th\u00e9oricien le plus important depuis la mort de L\u00e9on Trotsky.<\/li>\n\n\n\n<li><a href=\"https:\/\/maitron.fr\/spip.php?article248501\">Georges Dobbeleer<\/a> (notice d&rsquo;hommage par Par Simon Hupkens) : Enseignant, d\u00e9l\u00e9gu\u00e9 syndical de la Centrale g\u00e9n\u00e9rale des services publics-Enseignement, membre de la direction de la section belge de la Quatri\u00e8me Internationale.<\/li>\n\n\n\n<li> <a href=\"https:\/\/maitron.fr\/spip.php?article244375\" target=\"_blank\" rel=\"noreferrer noopener\">C\u00e9cile Draps<\/a> (hommage par Elie Teicher, ULi\u00e8ge) : avocate et militante communiste, d\u00e9c\u00e9d\u00e9e le 8 d\u00e9cembre dernier. Ses engagements ont \u00e9t\u00e9 multiples : d\u00e9fense des militants de la Guerre d&rsquo;Alg\u00e9rie, luttes sociales en Belgique (e.a. gr\u00e8ve des femmes de la FN-Herstal), etc. Un parcours \u00e0 d\u00e9couvrir&#8230;<\/li>\n\n\n\n<li><a href=\"https:\/\/maitron.fr\/spip.php?article244302&amp;fbclid=IwAR2FKqNvcBEIj1tjMazpMDGwLAt38dz9gvLKfuA2zCUBVRBsFzcYU8Kn3-k\" target=\"_blank\" rel=\"noreferrer noopener\">Henri De Man<\/a> (par Jan Willem Stutje, auteur de l&rsquo;ouvrage (non traduit en fran\u00e7ais) Hendrik de Man. Een man met een plan. Polis, Kalmthout, 2018. 230 p.) : Universitaire, th\u00e9oricien socialiste, s\u00e9nateur coopt\u00e9, ministre, pr\u00e9sident du Parti ouvrier belge (POB), conseiller du roi L\u00e9opold III, inspirateur de l\u2019Union des travailleurs manuels et intellectuels (UTMI) en 1940.<\/li>\n\n\n\n<li>Le 7 mai 2021, <a href=\"https:\/\/maitron.fr\/spip.php?article241382&amp;fbclid=IwAR1vFsL6jU_7BW9-UKvuvxcyzVt--AaHIIN5x5XD20rD74_jafdNvKG80ko\" target=\"_blank\" rel=\"noreferrer noopener\">Maurice De Backer<\/a> nous a quitt\u00e9s. Marie-Th\u00e9r\u00e8se Coenen, avec la contribution de Jean Neuville (\u2020), nous retrace le parcours de ce militant qui a fondamentalement marqu\u00e9 l&rsquo;histoire du MOC, et particuli\u00e8rement des Equipes populaires et du CARHOP:<\/li>\n\n\n\n<li><a href=\"https:\/\/maitron.fr\/spip.php?article240755&amp;fbclid=IwAR0nExdyrAeeOUDQKhrxtzji18zHStLIH-52KGij9ieZVBDr0cGP7hKvhng\" target=\"_blank\" rel=\"noreferrer noopener\">Ernest Mandel<\/a> (par Jan-Willem Stutje, historien, Institut d\u2019Histoire Sociale d\u2019Amsterdam, auteur d&rsquo;une biographie magistrale d&rsquo;Ernest Mandel initialement parue en n\u00e9erlandais (Houtekiet\/ Atlas, Anvers\/Amsterdam), une traduction fran\u00e7aise est en cours (\u00e9d. Syllepse)&#8230; plus d&rsquo;infos \u00e0 venir) : &nbsp;\u00c9conomiste marxiste de renomm\u00e9e internationale, dirigeant de la Quatri\u00e8me Internationale, son th\u00e9oricien le plus important depuis la mort de L\u00e9on Trotsky.<\/li>\n\n\n\n<li><a href=\"https:\/\/maitron.fr\/spip.php?article238789&amp;fbclid=IwAR0SxgnxyPocEW0__KmlE20AkL3T_7El7ZEyq-qBh6r3AUsgodL-bZ3EAlw\">August Vermeylen<\/a> (par Hans Vandevoorde, Professeur de litt\u00e9rature n\u00e9erlandaise \u00e0 la VUB &#8211; traduction de Catherine Gobert, docteur en lettres et traductrice) : \u00c9crivain flamand, historien de l\u2019art, professeur d\u2019universit\u00e9, anarchiste puis socialiste, p\u00e8re du militant communiste Pierre\/Piet Vermeylen). <\/li>\n\n\n\n<li><a href=\"https:\/\/maitron.fr\/spip.php?article233175\">Marcel      Denecker<\/a> (par Els Witte) : Enseignant puis r\u00e9dacteur en chef de <em>Links<\/em>, intellectuel socialiste flamand.<\/li>\n\n\n\n<li><a href=\"https:\/\/maitron.fr\/spip.php?article232781&amp;fbclid=IwAR3oIR8lS8fwqB_gOK2b-nT4IdQYRrztUz-8QDsJ7onXe6UnbDzXTti-MAA\">Frans Masereel<\/a> (par Rik Hemmerijckx) :      Artiste engag\u00e9, graveur, peintre, illustrateur, pacifiste, humaniste,      libertaire, sympathisant du communisme et du mouvement ouvrier. <\/li>\n\n\n\n<li><a href=\"https:\/\/maitron.fr\/spip.php?article232740\">Suzy      Rosendor<\/a> ( par Paul-Emmanuel Babin) : R\u00e9sistante belge \u00e0 la      guerre d\u2019Alg\u00e9rie, membre du Parti communiste belge puis du Parti      communiste de Belgique marxiste-l\u00e9niniste et responsable du Livre      international puis libraire de \u00ab Joli Mai \u00bb. <\/li>\n\n\n\n<li><a href=\"https:\/\/maitron.fr\/spip.php?article231245\">Andr\u00e9      Renard<\/a> (Par Rik Hemmerijckx) : Ouvrier m\u00e9tallurgiste,      syndicaliste socialiste, r\u00e9sistant, fondateur du Mouvement syndical unifi\u00e9      (MSU), cofondateur et secr\u00e9taire g\u00e9n\u00e9ral adjoint de la FGTB, pr\u00e9sident de      la r\u00e9gionale FGTB de Li\u00e8ge-Huy-Waremme, pr\u00e9sident de la F\u00e9d\u00e9ration      li\u00e9geoise des mutualit\u00e9s socialistes syndicales (FMSS), collaborateur du <em>Prol\u00e9taire<\/em>,      directeur du quotidien <em>La Wallonie<\/em>, cofondateur de l\u2019hebdomadaire <em>La      Gauche<\/em>, fondateur et directeur de <em>Combat<\/em>, fondateur du      Mouvement populaire wallon (MPW). <\/li>\n\n\n\n<li><a href=\"https:\/\/maitron.fr\/spip.php?article228629\">Hippolyte      Vanderrydt<\/a> (par Martin Georges) : Ing\u00e9nieur civil aux Chemins      de fer de l\u2019\u00c9tat, enseignant de l\u2019Universit\u00e9 libre de Bruxelles et de      l\u2019Universit\u00e9 Nouvelle, militant socialiste, premier traducteur en langue      fran\u00e7aise du livre II (1900) et III (1901-1902) du <em>Capital<\/em> de Karl      Marx, cor\u00e9dacteur de la Charte de Quaregnon, collaborateur des journaux, <em>Le      Peuple<\/em> et <em>L\u2019Avenir social<\/em>, sous le pseudonyme de      \u00ab&nbsp;LUX&nbsp;\u00bb, enseignant \u00e0 la Centrale d\u2019\u00e9ducation ouvri\u00e8re et \u00e0      l\u2019\u00c9cole ouvri\u00e8re sup\u00e9rieure. <\/li>\n\n\n\n<li><a href=\"https:\/\/maitron.fr\/spip.php?article230509\">Achille      Van Acker<\/a> (par Rik Hemmerijkx) : Ouvrier puis permanent syndical, socialiste, d\u00e9put\u00e9 de l\u2019arrondissement de Bruges, conseiller      communal de Bruges, ministre, Premier ministre, ministre d\u2019\u00e9tat, pr\u00e9sident      de la Chambre des eepr\u00e9sentants, \u00e9diteur, r\u00e9dacteur dans la presse      socialiste, franc-ma\u00e7on. <\/li>\n\n\n\n<li><a href=\"https:\/\/maitron.fr\/spip.php?article220595\">Fabrizio      Epis<\/a> (par Marie-Th\u00e9r\u00e8se Coenen) : Ouvrier puis permanent de la      F\u00e9d\u00e9ration jociste du Centre (pr. Hainaut), puis permanent \u00e0 la JOC      nationale, \u00e0 la JOC europ\u00e9enne, membre de l\u2019\u00c9quipe internationale de la      JOCI pour l\u2019Europe, permanent interprofessionnel de la F\u00e9d\u00e9ration CSC      Brabant wallon et permanent syndical de la CNE de l\u2019Unit\u00e9 op\u00e9rationnelle      de Bruxelles-Brabant wallon, en charge entre autres du secteur non      marchand, secr\u00e9taire r\u00e9gional de la CNE, pr\u00e9sident du CIR\u00c9 asbl. <\/li>\n\n\n\n<li><a href=\"https:\/\/maitron.fr\/spip.php?article229859\">Wojciech      &#8211; Sarzyna GRAMATYKA<\/a> (par Jos\u00e9 Gotovitch) : M\u00e9canicien, \u00e9migr\u00e9      en Belgique, membre des Brigades internationales en Espagne, Partisan      arm\u00e9, fonctionnaire polonais. <\/li>\n\n\n\n<li><a href=\"https:\/\/maitron.fr\/spip.php?article229798\">Henri      Fuss<\/a> (par Jean Puissant &#8211; Jean-Paul Mahoux, avec le concours de      Joeri Puissant) : Typographe, anarchiste, publiciste, docteur en droit,      directeur au Bureau international du travail \u00e0 Gen\u00e8ve, commissaire royal      au probl\u00e8me du ch\u00f4mage en Belgique, directeur puis secr\u00e9taire g\u00e9n\u00e9ral du      Minist\u00e8re du Travail et de la Pr\u00e9voyance sociale, r\u00e9dacteur du <em>Pacte      social<\/em> (1944), militant socialiste. <\/li>\n<\/ul>\n\n\n\n<p><\/p>\n\n\n\n<p class=\"has-text-align-center has-medium-font-size\" style=\"font-style:normal;font-weight:700\">Les Journ\u00e9es d&rsquo;\u00e9tudes du DBMOB<\/p>\n\n\n\n<p><\/p>\n\n\n\n<p>Vendredi 11 avril 2025 (13h-17h \u00e0 l&rsquo;Universit\u00e9 de Li\u00e8ge) &#8211; Journ\u00e9e d\u2019\u00e9tude\u00a0du groupe de contact FNRS-FRS \u00ab\u00a0Sociobiographie des militant.es du mouvement ouvrier en Belgique \u00bb &#8211;  En quoi le film documentaire peut-il nourrir la notice biographique? &#8211; Programme et informations disponibles ici : <a href=\"https:\/\/www.institut-liebman.be\/index.php\/2025\/03\/11\/11-avril-2025-13h-17h-a-luniversite-de-liege-en-quoi-le-film-documentaire-peut-il-nourrir-la-notice-biographique-journee-detude-du-groupe-de-contact-frs-fnrs-sociobiographie-des-militant\/\">https:\/\/www.institut-liebman.be\/index.php\/2025\/03\/11\/11-avril-2025-13h-17h-a-luniversite-de-liege-en-quoi-le-film-documentaire-peut-il-nourrir-la-notice-biographique-journee-detude-du-groupe-de-contact-frs-fnrs-sociobiographie-des-militant\/<\/a><\/p>\n\n\n\n<p>Vendredi 1<sup>er<\/sup>\u00a0avril 2022  !!! Journ\u00e9e d\u2019\u00e9tude\u00a0du groupe de contact FNRS-FRS \u00ab\u00a0Sociobiographie des militant.es du mouvement ouvrier en Belgique \u00bb &#8211;  <strong>Militants et militantes communistes dans le 20e si\u00e8cle tourment\u00e9<\/strong> &#8211;  au Bois du Cazier, Auditorium Amercoeur, 10h \u00e0 17h. Programme et informations disponibles ici :  <a href=\"https:\/\/www.institut-liebman.be\/index.php\/2022\/03\/18\/militants-et-militantes-communistes-dans-le-20e-siecle-tourmente-journee-detude-1er-avril-2022-10h-17h\/\">Militants et militantes communistes dans le 20e si\u00e8cle tourment\u00e9 &#8211; Journ\u00e9e d&rsquo;\u00e9tude &#8211; 1er avril 2022 (10h-17h) &#8211; Institut Marcel Liebman (institut-lieb<\/a><\/p>\n","protected":false},"excerpt":{"rendered":"<p>!!! Vendredi 11 avril 2025 (13h-17h \u00e0 l&rsquo;Universit\u00e9 de Li\u00e8ge) &#8211; Journ\u00e9e d\u2019\u00e9tude\u00a0du groupe de contact FNRS-FRS \u00ab\u00a0Sociobiographie des militant.es du mouvement ouvrier en Belgique \u00bb !!! En quoi le film documentaire peut-il nourrir la notice biographique? Programme complet et informations disponibles ici : https:\/\/www.institut-liebman.be\/index.php\/2025\/03\/11\/11-avril-2025-13h-17h-a-luniversite-de-liege-en-quoi-le-film-documentaire-peut-il-nourrir-la-notice-biographique-journee-detude-du-groupe-de-contact-frs-fnrs-sociobiographie-des-militant\/ Pr\u00e9sentation projet Le Dictionnaire biographique du Mouvement ouvrier en Belgique (DBMOB) est un projet qui a \u00e9t\u00e9 initi\u00e9 en 1979 par Jean Puissant et Hubert Dewez alias Jean Neuville. Il a d\u00e9bouch\u00e9 en 1996 sur<\/p>\n","protected":false},"author":1,"featured_media":0,"parent":0,"menu_order":0,"comment_status":"closed","ping_status":"closed","template":"","meta":{"footnotes":""},"class_list":["post-819","page","type-page","status-publish","hentry"],"_links":{"self":[{"href":"https:\/\/www.institut-liebman.be\/index.php\/wp-json\/wp\/v2\/pages\/819","targetHints":{"allow":["GET"]}}],"collection":[{"href":"https:\/\/www.institut-liebman.be\/index.php\/wp-json\/wp\/v2\/pages"}],"about":[{"href":"https:\/\/www.institut-liebman.be\/index.php\/wp-json\/wp\/v2\/types\/page"}],"author":[{"embeddable":true,"href":"https:\/\/www.institut-liebman.be\/index.php\/wp-json\/wp\/v2\/users\/1"}],"replies":[{"embeddable":true,"href":"https:\/\/www.institut-liebman.be\/index.php\/wp-json\/wp\/v2\/comments?post=819"}],"version-history":[{"count":11,"href":"https:\/\/www.institut-liebman.be\/index.php\/wp-json\/wp\/v2\/pages\/819\/revisions"}],"predecessor-version":[{"id":1359,"href":"https:\/\/www.institut-liebman.be\/index.php\/wp-json\/wp\/v2\/pages\/819\/revisions\/1359"}],"wp:attachment":[{"href":"https:\/\/www.institut-liebman.be\/index.php\/wp-json\/wp\/v2\/media?parent=819"}],"curies":[{"name":"wp","href":"https:\/\/api.w.org\/{rel}","templated":true}]}}