{"id":72,"date":"2018-08-10T20:30:59","date_gmt":"2018-08-10T18:30:59","guid":{"rendered":"http:\/\/www.institut-liebman.be\/?page_id=72"},"modified":"2026-03-19T12:45:37","modified_gmt":"2026-03-19T11:45:37","slug":"faire-un-don","status":"publish","type":"page","link":"https:\/\/www.institut-liebman.be\/index.php\/faire-un-don\/","title":{"rendered":"Devenir membre ou faire un don"},"content":{"rendered":"<p>L&rsquo;Institut Marcel Liebman ne peut d\u00e9velopper ses activit\u00e9s qu&rsquo;en comptant sur le soutien mat\u00e9riel de tous ses amis.\u00a0 Il y a deux fa\u00e7on de nous soutenir :\u00a0<\/p>\n<ul>\n<li>En devenant <strong><span style=\"text-decoration: underline\">membre adh\u00e9rent<\/span> <\/strong>de notre Institut : pour ce faire, il suffit de payer une <strong>cotisation annuelle<\/strong> de 20 euros (cotisation de soutien \u00e0 30 euros)\u00a0 sur le compte <strong>BE14 0011 9423 3583<\/strong>, au nom de l&rsquo;<strong>Institut Marcel Liebman<\/strong> (BIC : GEBABEBB) en mentionnant en <strong style=\"font-size: 0.95em\">communication : votre nom, pr\u00e9nom et adresse postale*\u00a0 <\/strong>(*ces informations visent uniquement \u00e0 tenir \u00e0 jour la liste de nos membres, elles ne seront utilis\u00e9es \u00e0 aucune autre fin. Si vous souhaitez recevoir notre newsletter, vous pouvez vous inscrire via le formulaire en ligne : <a href=\"https:\/\/www.institut-liebman.be\/index.php\/newsletter\/\">Inscription \u00e0 la newsletter &#8211; Institut Marcel Liebman (institut-liebman.be)<\/a><\/li>\n<li>En faisant un <span style=\"text-decoration: underline\"><strong>don<\/strong><\/span> sur le compte <strong>BE68 3100 1504 9234<\/strong> au nom de l&rsquo;<strong>Universit\u00e9 Libre de Bruxelles<\/strong>, en mentionnant dans la rubrique \u00ab Communication \u00bb : <strong>DON F. LIEBMAN LB 5.F03.Y000164 <\/strong>(la mention de la communication est <span style=\"text-decoration: underline\">indispensable<\/span>). Nous vous rappelons que tout versement \u00e9gal ou sup\u00e9rieur \u00e0 40,00 \u20ac sur ce compte b\u00e9n\u00e9ficie de l\u2019exon\u00e9ration fiscale directement appliqu\u00e9e par l\u2019administration fiscale (pour un envoi automatique de la d\u00e9duction fiscale, il est d\u00e9sormais n\u00e9cessaire d&rsquo;indiquer son n\u00b0 d&rsquo;identification nationale\/NISS dans la communication).\u00a0<\/li>\n<\/ul>\n\n\n<p><\/p>\n","protected":false},"excerpt":{"rendered":"<p>L&rsquo;Institut Marcel Liebman ne peut d\u00e9velopper ses activit\u00e9s qu&rsquo;en comptant sur le soutien mat\u00e9riel de tous ses amis.\u00a0 Il y a deux fa\u00e7on de nous soutenir :\u00a0 En devenant membre adh\u00e9rent de notre Institut : pour ce faire, il suffit de payer une cotisation annuelle de 20 euros (cotisation de soutien \u00e0 30 euros)\u00a0 sur le compte BE14 0011 9423 3583, au nom de l&rsquo;Institut Marcel Liebman (BIC : GEBABEBB) en mentionnant en communication : votre nom, pr\u00e9nom et adresse<\/p>\n","protected":false},"author":1,"featured_media":0,"parent":0,"menu_order":0,"comment_status":"closed","ping_status":"closed","template":"","meta":{"footnotes":""},"class_list":["post-72","page","type-page","status-publish","hentry"],"_links":{"self":[{"href":"https:\/\/www.institut-liebman.be\/index.php\/wp-json\/wp\/v2\/pages\/72","targetHints":{"allow":["GET"]}}],"collection":[{"href":"https:\/\/www.institut-liebman.be\/index.php\/wp-json\/wp\/v2\/pages"}],"about":[{"href":"https:\/\/www.institut-liebman.be\/index.php\/wp-json\/wp\/v2\/types\/page"}],"author":[{"embeddable":true,"href":"https:\/\/www.institut-liebman.be\/index.php\/wp-json\/wp\/v2\/users\/1"}],"replies":[{"embeddable":true,"href":"https:\/\/www.institut-liebman.be\/index.php\/wp-json\/wp\/v2\/comments?post=72"}],"version-history":[{"count":6,"href":"https:\/\/www.institut-liebman.be\/index.php\/wp-json\/wp\/v2\/pages\/72\/revisions"}],"predecessor-version":[{"id":1768,"href":"https:\/\/www.institut-liebman.be\/index.php\/wp-json\/wp\/v2\/pages\/72\/revisions\/1768"}],"wp:attachment":[{"href":"https:\/\/www.institut-liebman.be\/index.php\/wp-json\/wp\/v2\/media?parent=72"}],"curies":[{"name":"wp","href":"https:\/\/api.w.org\/{rel}","templated":true}]}}