{"id":55,"date":"2018-08-10T20:26:39","date_gmt":"2018-08-10T18:26:39","guid":{"rendered":"http:\/\/www.institut-liebman.be\/?page_id=55"},"modified":"2026-01-28T13:17:15","modified_gmt":"2026-01-28T12:17:15","slug":"lequipe","status":"publish","type":"page","link":"https:\/\/www.institut-liebman.be\/index.php\/lequipe\/","title":{"rendered":"L&rsquo;\u00e9quipe"},"content":{"rendered":"<p>L\u2019Institut Marcel Liebman repr\u00e9sente une structure d\u00e9mocratique et ind\u00e9pendante de tous les partis.<\/p>\n<p>Il est organis\u00e9 sous forme d\u2019Association sans but lucratif. Ses statuts et les orientations de ses activit\u00e9s sont adopt\u00e9s par l\u2019assembl\u00e9e g\u00e9n\u00e9rale des membres.<\/p>\n<p>Son conseil d\u2019administration est \u00e9lu par l\u2019assembl\u00e9e g\u00e9n\u00e9rale et est compos\u00e9 comme suit :<\/p>\n<p><em>Pr\u00e9sident du Conseil d\u2019administration\u00a0:<\/em> <strong>Esteban Martinez<\/strong><\/p>\n<p><em>Vice-pr\u00e9sidents du Conseil d\u2019administration\u00a0:<\/em> <strong>Mateo Alaluf &amp;\u00a0Henri Hurwitz<\/strong><\/p>\n<p><em>Tr\u00e9sori\u00e8re :<\/em> <strong>Aline Bingen<\/strong><\/p>\n<p><em>Administrateurs :<\/em> <strong>Mateo Alaluf, Aline Bingen, Florence Delmotte, Ouardia Derriche, Isil Erdin\u00e7, Henri Eisendrath, Willy Estersohn, Henri Hurwitz, Pierre Marage, Esteban Martinez, C\u00e9cile Piret, C\u00e9cilia Trionfetti, Nicolas Verschueren.<\/strong><\/p>\n<p>D\u00e9l\u00e9gu\u00e9e \u00e0 la gestion journali\u00e8re : <strong>Francine Bolle\u00a0<\/strong><\/p>\n<p><em>Co-coordinatrice :<\/em> <strong>Oph\u00e9lie Buffe<\/strong> (en remplacement du 1er d\u00e9cembre 2025 au 30 novembre 2028)<\/p>\n","protected":false},"excerpt":{"rendered":"<p>L\u2019Institut Marcel Liebman repr\u00e9sente une structure d\u00e9mocratique et ind\u00e9pendante de tous les partis. Il est organis\u00e9 sous forme d\u2019Association sans but lucratif. Ses statuts et les orientations de ses activit\u00e9s sont adopt\u00e9s par l\u2019assembl\u00e9e g\u00e9n\u00e9rale des membres. Son conseil d\u2019administration est \u00e9lu par l\u2019assembl\u00e9e g\u00e9n\u00e9rale et est compos\u00e9 comme suit : Pr\u00e9sident du Conseil d\u2019administration\u00a0: Esteban Martinez Vice-pr\u00e9sidents du Conseil d\u2019administration\u00a0: Mateo Alaluf &amp;\u00a0Henri Hurwitz Tr\u00e9sori\u00e8re : Aline Bingen Administrateurs : Mateo Alaluf, Aline Bingen, Florence Delmotte, Ouardia Derriche, Isil<\/p>\n","protected":false},"author":1,"featured_media":0,"parent":0,"menu_order":0,"comment_status":"closed","ping_status":"closed","template":"","meta":{"footnotes":""},"class_list":["post-55","page","type-page","status-publish","hentry"],"_links":{"self":[{"href":"https:\/\/www.institut-liebman.be\/index.php\/wp-json\/wp\/v2\/pages\/55","targetHints":{"allow":["GET"]}}],"collection":[{"href":"https:\/\/www.institut-liebman.be\/index.php\/wp-json\/wp\/v2\/pages"}],"about":[{"href":"https:\/\/www.institut-liebman.be\/index.php\/wp-json\/wp\/v2\/types\/page"}],"author":[{"embeddable":true,"href":"https:\/\/www.institut-liebman.be\/index.php\/wp-json\/wp\/v2\/users\/1"}],"replies":[{"embeddable":true,"href":"https:\/\/www.institut-liebman.be\/index.php\/wp-json\/wp\/v2\/comments?post=55"}],"version-history":[{"count":6,"href":"https:\/\/www.institut-liebman.be\/index.php\/wp-json\/wp\/v2\/pages\/55\/revisions"}],"predecessor-version":[{"id":1641,"href":"https:\/\/www.institut-liebman.be\/index.php\/wp-json\/wp\/v2\/pages\/55\/revisions\/1641"}],"wp:attachment":[{"href":"https:\/\/www.institut-liebman.be\/index.php\/wp-json\/wp\/v2\/media?parent=55"}],"curies":[{"name":"wp","href":"https:\/\/api.w.org\/{rel}","templated":true}]}}