{"id":51,"date":"2018-08-10T20:25:07","date_gmt":"2018-08-10T18:25:07","guid":{"rendered":"http:\/\/www.institut-liebman.be\/?page_id=51"},"modified":"2026-04-02T12:15:17","modified_gmt":"2026-04-02T10:15:17","slug":"biographie-de-marcel-liebman","status":"publish","type":"page","link":"https:\/\/www.institut-liebman.be\/index.php\/biographie-de-marcel-liebman\/","title":{"rendered":"Biographie de Marcel Liebman"},"content":{"rendered":"<p>Marcel Liebman (1929-1986)<\/p>\n<p>Marcel Liebman est n\u00e9 \u00e0 Bruxelles en 1929. Issu d&rsquo;une famille petite bourgeoise et traditionaliste, il partagera, jusqu&rsquo;\u00e0 la fin de ses \u00e9tudes \u00e0 l&rsquo;Universit\u00e9 Libre de Bruxelles (ULB) des opinions conservatrices. Son s\u00e9jour \u00e0 Londres en 1953 o\u00f9 il \u00e9tudie les Relations internationales \u00e0 la London School of Economics sera d\u00e9terminant pour son orientation ult\u00e9rieure. En compagnie d&rsquo;Adeline avec qui il se mariera en 1956, il se met \u00e0 travailler le marxisme et l&rsquo;histoire du socialisme. Il \u00e9labore alors les principales positions id\u00e9ologiques et politiques qu&rsquo;il allait par la suite affermir et auxquelles il resterait fid\u00e8le jusqu&rsquo;\u00e0 sa mort. Sa pens\u00e9e proc\u00e9dait d&rsquo;un double refus : celui de la social-d\u00e9mocratie, d&rsquo;une part, celui du communisme \u00ab\u00a0orthodoxe\u00a0\u00bb, de l&rsquo;autre. En 1963, il pr\u00e9sente une th\u00e8se de doctorat \u00e0 l&rsquo;ULB sur Origine et signification id\u00e9ologiques de la scission communiste dans le Parti ouvrier belge (1921). Par la suite il se consacrera pendant une longue p\u00e9riode \u00e0 l&rsquo;\u00e9tude de la r\u00e9volution russe et du l\u00e9ninisme pour reprendre plus tard ses travaux sur l&rsquo;histoire du mouvement ouvrier belge.<\/p>\n<p>Professeur d&rsquo;histoire des doctrines politiques et de sociologie politique \u00e0 l\u2019Universit\u00e9 Libre de Bruxelles et \u00e0 la Vrije Universiteit Brussel, Marcel Liebman a marqu\u00e9 une g\u00e9n\u00e9ration d&rsquo;intellectuels. Auteur de nombreuses \u00e9tudes consacr\u00e9es aux probl\u00e8mes du mouvement socialiste et communiste contemporain, il fut aussi un des pr\u00e9curseurs du dialogue isra\u00eblo-palestinien et sera notamment secr\u00e9taire g\u00e9n\u00e9ral de l&rsquo;Association Belgo-Palestinienne.<\/p>\n<p>De 1962 \u00e0 1967, il participera \u00e0 la r\u00e9daction de l&rsquo;hebdomadaire La Gauche. Il sera un acteur important du mouvement de mai 1968 \u00e0 Bruxelles et fondera la revue mensuelle\u00a0Mai qui para\u00eetra de d\u00e9cembre 1968 jusqu&rsquo;\u00e0 la fin de 1973. Marcel Liebman participera ensuite \u00e0 la fondation d&rsquo;un nouvel hebdomadaire, qui sera Hebdo 74, puis 75 et 76. Il fera \u00e9galement partie du comit\u00e9 \u00e9ditorial de la revue annuelle The Socialist Register.<\/p>\n<p>Parmi ses livres, La r\u00e9volution russe (\u00ab\u00a0Marabout\u00a0\u00bb, G\u00e9rard &amp; Co, 1967), Le l\u00e9ninisme sous L\u00e9nine (Seuil, 1973) et Les Socialistes belges (Vie Ouvri\u00e8re, 1979) rendent compte de sa d\u00e9marche d&rsquo;historien du mouvement ouvrier. Mais la pens\u00e9e de Marcel Liebman va \u00e0 l&rsquo;encontre des conformismes et des d\u00e9votions. Son \u00ab\u00a0L\u00e9nine\u00a0\u00bb ne peut \u00eatre accept\u00e9 par les l\u00e9ninistes, ni son histoire du socialisme par les socialistes, et encore moins, bien s\u00fbr, par les anti-l\u00e9ninistes et les anti-socialistes <a href=\"https:\/\/casinotrics.com\/category\/blog\/\" target=\"_blank\" rel=\"noopener\">en savoir plus<\/a>.<\/p>\n<p>On retrouve dans son r\u00e9cit auto-biographique N\u00e9 Juif (Duculot 1977 et Labor 1996) la figure de l\u2019intellectuel intransigeant, de culture juive et qui avait v\u00e9cu tragiquement \u00ab la longue nuit du nazisme \u00bb. Dans ces pages, Liebman se fera tour \u00e0 tour t\u00e9moin, hitorien et acteur engag\u00e9 du pass\u00e9 et du pr\u00e9sent.<\/p>\n<p>Sa d\u00e9marche intellectuelle, fondamentalement critique, se caract\u00e9rise par une grande exigence d&rsquo;analyse, d&rsquo;une rigueur sans concession, et parfaitement nuanc\u00e9e. On a l&rsquo;impression, en le lisant, que tout son effort vise \u00e0 d\u00e9busquer les d\u00e9tails susceptibles de contredire ou relativiser ses propres th\u00e8ses.<\/p>\n","protected":false},"excerpt":{"rendered":"<p>Marcel Liebman (1929-1986) Marcel Liebman est n\u00e9 \u00e0 Bruxelles en 1929. Issu d&rsquo;une famille petite bourgeoise et traditionaliste, il partagera, jusqu&rsquo;\u00e0 la fin de ses \u00e9tudes \u00e0 l&rsquo;Universit\u00e9 Libre de Bruxelles (ULB) des opinions conservatrices. Son s\u00e9jour \u00e0 Londres en 1953 o\u00f9 il \u00e9tudie les Relations internationales \u00e0 la London School of Economics sera d\u00e9terminant pour son orientation ult\u00e9rieure. En compagnie d&rsquo;Adeline avec qui il se mariera en 1956, il se met \u00e0 travailler le marxisme et l&rsquo;histoire du socialisme.<\/p>\n","protected":false},"author":1,"featured_media":0,"parent":0,"menu_order":0,"comment_status":"closed","ping_status":"closed","template":"","meta":{"footnotes":""},"class_list":["post-51","page","type-page","status-publish","hentry"],"_links":{"self":[{"href":"https:\/\/www.institut-liebman.be\/index.php\/wp-json\/wp\/v2\/pages\/51","targetHints":{"allow":["GET"]}}],"collection":[{"href":"https:\/\/www.institut-liebman.be\/index.php\/wp-json\/wp\/v2\/pages"}],"about":[{"href":"https:\/\/www.institut-liebman.be\/index.php\/wp-json\/wp\/v2\/types\/page"}],"author":[{"embeddable":true,"href":"https:\/\/www.institut-liebman.be\/index.php\/wp-json\/wp\/v2\/users\/1"}],"replies":[{"embeddable":true,"href":"https:\/\/www.institut-liebman.be\/index.php\/wp-json\/wp\/v2\/comments?post=51"}],"version-history":[{"count":3,"href":"https:\/\/www.institut-liebman.be\/index.php\/wp-json\/wp\/v2\/pages\/51\/revisions"}],"predecessor-version":[{"id":1827,"href":"https:\/\/www.institut-liebman.be\/index.php\/wp-json\/wp\/v2\/pages\/51\/revisions\/1827"}],"wp:attachment":[{"href":"https:\/\/www.institut-liebman.be\/index.php\/wp-json\/wp\/v2\/media?parent=51"}],"curies":[{"name":"wp","href":"https:\/\/api.w.org\/{rel}","templated":true}]}}