{"id":49,"date":"2018-08-10T20:24:15","date_gmt":"2018-08-10T18:24:15","guid":{"rendered":"http:\/\/www.institut-liebman.be\/?page_id=49"},"modified":"2026-04-07T10:42:37","modified_gmt":"2026-04-07T08:42:37","slug":"historique-et-mission","status":"publish","type":"page","link":"https:\/\/www.institut-liebman.be\/index.php\/historique-et-mission\/","title":{"rendered":"Historique et missions"},"content":{"rendered":"<p>But\u00a0: <strong>L&rsquo;Institut Marcel Liebman a pour but de contribuer de mani\u00e8re g\u00e9n\u00e9rale \u00e0 l&rsquo;\u00e9tude du mouvement socialiste et de la pens\u00e9e de gauche. Il entend promouvoir une r\u00e9flexion critique sur les pratiques des mouvements sociaux et un \u00e9clairage des enjeux politiques actuels par l&rsquo;histoire.<\/strong><\/p>\n<blockquote><p>La critique est difficile et la contestation aussi. C&rsquo;est pour cela que les contestataires, infiniment moins nombreux que les conformistes, ne courent pas les rues.<br \/>\n<cite>Marcel Liebman<\/cite><\/p><\/blockquote>\n<table width=\"432\">\n<tbody>\n<tr>\n<td width=\"432\">Apr\u00e8s la mort de Marcel Liebman en 1986, un certain nombre de ses amis ont cr\u00e9\u00e9 la Fondation Marcel Liebman avec l\u2019objectif \u00ab de contribuer de mani\u00e8re g\u00e9n\u00e9rale \u00e0 l\u2019\u00e9tude du mouvement socialiste et de la pens\u00e9e de gauche \u00bb. Depuis lors celle-ci a r\u00e9guli\u00e8rement organis\u00e9 une Chaire Marcel Liebman \u00e0 l\u2019Universit\u00e9 libre de Bruxelles, ainsi que nombre de colloques, conf\u00e9rences et rencontres.La Fondation Marcel Liebman s\u2019est transform\u00e9e en d\u00e9cembre 2005 en Institut Marcel Liebman avec pour ambition d\u2019\u00e9largir le champ de ses activit\u00e9s et de contribuer \u00e0 l\u2019ouverture d\u2019espaces de r\u00e9flexion et de d\u00e9bats, \u00e0 l\u2019intersection de l\u2019histoire, des sciences humaines et de la politique, dans le but d\u2019approfondir la compr\u00e9hension du sens des mutations en cours dans un monde plus d\u00e9chir\u00e9 que jamais.<\/p>\n<p><em>\u00a0\u00bb L&rsquo;Institut Marcel Liebman a pour but de contribuer de mani\u00e8re g\u00e9n\u00e9rale \u00e0 l&rsquo;\u00e9tude du mouvement socialiste et de la pens\u00e9e de gauche. <\/em><\/p>\n<p><em>En fonction de son but, l&rsquo;IML pourra notamment :<\/em><\/p>\n<ul>\n<li><em>organiser une chaire Marcel Liebman \u00e0 l&rsquo;Universit\u00e9 Libre de Bruxelles, ainsi que des s\u00e9minaires, colloques, congr\u00e8s, expositions ou toute autre manifestation de sa propre initiative, en collaboration ou en participation; <\/em><\/li>\n<li><em>\u00e9diter des documents, notes, actes de conf\u00e9rences, des revues et des livres, ou toute autre production, quel qu&rsquo;en soit le support, et proc\u00e9der \u00e0 des souscriptions d&rsquo;ouvrage; <\/em><\/li>\n<li><em>r\u00e9aliser ou financer des recherches, des travaux de documentation et des missions de toute nature en rapport avec son activit\u00e9; <\/em><\/li>\n<li><em>assurer des formations de sa propre initiative, en collaboration ou en participation, notamment dans le cadre des missions d&rsquo;\u00e9ducation permanente.\u00a0\u00bb<\/em><\/li>\n<\/ul>\n<p>Lien vers les <a href=\"https:\/\/www.institut-liebman.be\/wp-content\/uploads\/2018\/08\/statuts-moniteur.pdf\">Statuts de l&rsquo;Institut Marcel Liebman<\/a> (A.S.B.L.), publi\u00e9s au Moniteur Belge<\/td>\n<\/tr>\n<\/tbody>\n<\/table>\n","protected":false},"excerpt":{"rendered":"<p>But\u00a0: L&rsquo;Institut Marcel Liebman a pour but de contribuer de mani\u00e8re g\u00e9n\u00e9rale \u00e0 l&rsquo;\u00e9tude du mouvement socialiste et de la pens\u00e9e de gauche. Il entend promouvoir une r\u00e9flexion critique sur les pratiques des mouvements sociaux et un \u00e9clairage des enjeux politiques actuels par l&rsquo;histoire. La critique est difficile et la contestation aussi. C&rsquo;est pour cela que les contestataires, infiniment moins nombreux que les conformistes, ne courent pas les rues. Marcel Liebman Apr\u00e8s la mort de Marcel Liebman en 1986, un<\/p>\n","protected":false},"author":1,"featured_media":0,"parent":0,"menu_order":0,"comment_status":"closed","ping_status":"closed","template":"","meta":{"footnotes":""},"class_list":["post-49","page","type-page","status-publish","hentry"],"_links":{"self":[{"href":"https:\/\/www.institut-liebman.be\/index.php\/wp-json\/wp\/v2\/pages\/49","targetHints":{"allow":["GET"]}}],"collection":[{"href":"https:\/\/www.institut-liebman.be\/index.php\/wp-json\/wp\/v2\/pages"}],"about":[{"href":"https:\/\/www.institut-liebman.be\/index.php\/wp-json\/wp\/v2\/types\/page"}],"author":[{"embeddable":true,"href":"https:\/\/www.institut-liebman.be\/index.php\/wp-json\/wp\/v2\/users\/1"}],"replies":[{"embeddable":true,"href":"https:\/\/www.institut-liebman.be\/index.php\/wp-json\/wp\/v2\/comments?post=49"}],"version-history":[{"count":6,"href":"https:\/\/www.institut-liebman.be\/index.php\/wp-json\/wp\/v2\/pages\/49\/revisions"}],"predecessor-version":[{"id":1834,"href":"https:\/\/www.institut-liebman.be\/index.php\/wp-json\/wp\/v2\/pages\/49\/revisions\/1834"}],"wp:attachment":[{"href":"https:\/\/www.institut-liebman.be\/index.php\/wp-json\/wp\/v2\/media?parent=49"}],"curies":[{"name":"wp","href":"https:\/\/api.w.org\/{rel}","templated":true}]}}