{"id":431,"date":"2018-09-25T22:59:57","date_gmt":"2018-09-25T20:59:57","guid":{"rendered":"http:\/\/www.institut-liebman.be\/?page_id=431"},"modified":"2018-09-25T23:06:39","modified_gmt":"2018-09-25T21:06:39","slug":"politique-de-confidentialite","status":"publish","type":"page","link":"https:\/\/www.institut-liebman.be\/index.php\/politique-de-confidentialite\/","title":{"rendered":"Politique de confidentialit\u00e9"},"content":{"rendered":"<p>Devant le d\u00e9veloppement des nouveaux outils de communication, il est n\u00e9cessaire de porter une attention particuli\u00e8re \u00e0 la\u00a0<strong>protection de la vie priv\u00e9e<\/strong>. C\u2019est pourquoi nous nous engageons \u00e0 respecter la\u00a0<strong>confidentialit\u00e9 des renseignements personnels<\/strong>\u00a0que nous collectons.<\/p>\n<h3>Collecte des renseignements personnels<\/h3>\n<p>Nous collectons les renseignements suivants :<\/p>\n<ul>\n<li>Adresse \u00e9lectronique<\/li>\n<\/ul>\n<p>Les renseignements personnels que nous collectons sont recueillis au travers de\u00a0<strong>formulaires<\/strong>\u00a0et gr\u00e2ce \u00e0 l\u2019interactivit\u00e9 \u00e9tablie entre vous et notre site Web.<\/p>\n<h3>Formulaires\u00a0 et interactivit\u00e9:<\/h3>\n<p>Vos renseignements personnels sont collect\u00e9s par le biais de formulaire, \u00e0 savoir :<\/p>\n<ul>\n<li>Formulaire d\u2019inscription<\/li>\n<\/ul>\n<p>Nous utilisons les renseignements ainsi collect\u00e9s pour les finalit\u00e9s suivantes :<\/p>\n<ul>\n<li>Contact<\/li>\n<\/ul>\n<p>Vos renseignements sont \u00e9galement collect\u00e9s par le biais de l\u2019interactivit\u00e9 pouvant s\u2019\u00e9tablir entre vous et notre site Web et ce, de la fa\u00e7on suivante:<\/p>\n<ul>\n<li>Contact<\/li>\n<\/ul>\n<p>Nous utilisons les renseignements ainsi collect\u00e9s pour les finalit\u00e9s suivantes :<\/p>\n<ul>\n<li>Correspondance<\/li>\n<\/ul>\n<h3>Droit d\u2019opposition et de retrait<\/h3>\n<p>Nous nous engageons \u00e0 vous offrir un droit d\u2019opposition et de retrait quant \u00e0 vos renseignements personnels.<\/p>\n<p>Le\u00a0<strong>droit d\u2019opposition<\/strong>\u00a0s\u2019entend comme \u00e9tant la possiblit\u00e9 offerte aux internautes de refuser que leurs renseignements personnels soient utilis\u00e9es \u00e0 certaines fins mentionn\u00e9es lors de la collecte.<\/p>\n<p>Le\u00a0<strong>droit de retrait<\/strong>\u00a0s\u2019entend comme \u00e9tant la possiblit\u00e9 offerte aux internautes de demander \u00e0 ce que leurs renseignements personnels ne figurent plus, par exemple, dans une liste de diffusion.<\/p>\n<p>Pour pouvoir exercer ces droits, vous pouvez nous contacter :<\/p>\n<p>Institut Marcel Liebman ASBL<br \/>\nAvenue Jeanne 44, 1050 Bruxelles<br \/>\nTel.:+32 (0)2 650 33 86<\/p>\n<p>Email :\u00a0<a href=\"mailto:institut.liebman@ulb.ac.be\">institut.liebman@ulb.ac.be<\/a><\/p>\n<h3>Droit d\u2019acc\u00e8s<\/h3>\n<p>Nous nous engageons \u00e0 reconna\u00eetre un\u00a0<strong>droit d\u2019acc\u00e8s et de rectification<\/strong>\u00a0aux personnes concern\u00e9es d\u00e9sireuses de consulter, modifier, voire radier les informations les concernant.<\/p>\n<p>L\u2019exercice de ce droit se fera sur simple demande :<\/p>\n<p>Institut Marcel Liebman ASBL<br \/>\nAvenue Jeanne 44, 1050 Bruxelles<br \/>\nTel.:+32 (0)2 650 33 86<\/p>\n<p>Email :\u00a0<a href=\"mailto:institut.liebman@ulb.ac.be\">institut.liebman@ulb.ac.be<\/a><\/p>\n<h3>S\u00e9curit\u00e9<\/h3>\n<p>Les renseignements personnels que nous collectons sont conserv\u00e9s dans un environnement s\u00e9curis\u00e9. Les personnes travaillant pour nous sont tenues de respecter la confidentialit\u00e9 de vos informations.<br \/>\nPour assurer la s\u00e9curit\u00e9 de vos renseignements personnels, nous avons recours aux mesures suivantes :<\/p>\n<ul>\n<li>Gestion des acc\u00e8s \u2013 personne autoris\u00e9e<\/li>\n<li>Sauvegarde informatique<\/li>\n<li>Identifiant \/ mot de passe<\/li>\n<li>Pare-feu (Firewalls)<\/li>\n<\/ul>\n<p>Nous nous engageons \u00e0 maintenir un haut degr\u00e9 de confidentialit\u00e9 en int\u00e9grant les derni\u00e8res innovations technologiques permettant d\u2019assurer la confidentialit\u00e9. Toutefois, comme aucun m\u00e9canisme n\u2019offre une s\u00e9curit\u00e9 maximale, une part de risque est toujours pr\u00e9sente lorsque l\u2019on utilise Internet pour transmettre des renseignements personnels.<\/p>\n<h3>L\u00e9gislation<\/h3>\n<p>Nous nous engageons \u00e0 respecter les dispositions l\u00e9gislatives \u00e9nonc\u00e9es dans la loi belge et dans le R\u00e8glement g\u00e9n\u00e9ral sur la protection des donn\u00e9es (RGPD) de l\u2019Union europ\u00e9enne.<\/p>\n","protected":false},"excerpt":{"rendered":"<p>Devant le d\u00e9veloppement des nouveaux outils de communication, il est n\u00e9cessaire de porter une attention particuli\u00e8re \u00e0 la\u00a0protection de la vie priv\u00e9e. C\u2019est pourquoi nous nous engageons \u00e0 respecter la\u00a0confidentialit\u00e9 des renseignements personnels\u00a0que nous collectons. Collecte des renseignements personnels Nous collectons les renseignements suivants : Adresse \u00e9lectronique Les renseignements personnels que nous collectons sont recueillis au travers de\u00a0formulaires\u00a0et gr\u00e2ce \u00e0 l\u2019interactivit\u00e9 \u00e9tablie entre vous et notre site Web. Formulaires\u00a0 et interactivit\u00e9: Vos renseignements personnels sont collect\u00e9s par le biais de<\/p>\n","protected":false},"author":1,"featured_media":0,"parent":0,"menu_order":0,"comment_status":"closed","ping_status":"closed","template":"","meta":{"footnotes":""},"class_list":["post-431","page","type-page","status-publish","hentry"],"_links":{"self":[{"href":"https:\/\/www.institut-liebman.be\/index.php\/wp-json\/wp\/v2\/pages\/431","targetHints":{"allow":["GET"]}}],"collection":[{"href":"https:\/\/www.institut-liebman.be\/index.php\/wp-json\/wp\/v2\/pages"}],"about":[{"href":"https:\/\/www.institut-liebman.be\/index.php\/wp-json\/wp\/v2\/types\/page"}],"author":[{"embeddable":true,"href":"https:\/\/www.institut-liebman.be\/index.php\/wp-json\/wp\/v2\/users\/1"}],"replies":[{"embeddable":true,"href":"https:\/\/www.institut-liebman.be\/index.php\/wp-json\/wp\/v2\/comments?post=431"}],"version-history":[{"count":3,"href":"https:\/\/www.institut-liebman.be\/index.php\/wp-json\/wp\/v2\/pages\/431\/revisions"}],"predecessor-version":[{"id":435,"href":"https:\/\/www.institut-liebman.be\/index.php\/wp-json\/wp\/v2\/pages\/431\/revisions\/435"}],"wp:attachment":[{"href":"https:\/\/www.institut-liebman.be\/index.php\/wp-json\/wp\/v2\/media?parent=431"}],"curies":[{"name":"wp","href":"https:\/\/api.w.org\/{rel}","templated":true}]}}