{"id":1629,"date":"2025-12-31T11:02:21","date_gmt":"2025-12-31T10:02:21","guid":{"rendered":"http:\/\/www.institut-liebman.be\/?page_id=1629"},"modified":"2025-12-31T11:08:47","modified_gmt":"2025-12-31T10:08:47","slug":"textes-dautres-auteur-e-s","status":"publish","type":"page","link":"https:\/\/www.institut-liebman.be\/index.php\/nos-ressources\/textes-dautres-auteur-e-s\/","title":{"rendered":"Textes d&rsquo;autres auteur\u00b7e\u00b7s"},"content":{"rendered":"\n<p>Cette rubrique propose des suggestions de lecture : des textes d\u2019auteur\u00b7e\u00b7s dont les analyses et les perspectives r\u00e9sonnent avec les axes de r\u00e9flexion d\u00e9velopp\u00e9s au sein de l\u2019Institut.<\/p>\n","protected":false},"excerpt":{"rendered":"<p>Cette rubrique propose des suggestions de lecture : des textes d\u2019auteur\u00b7e\u00b7s dont les analyses et les perspectives r\u00e9sonnent avec les axes de r\u00e9flexion d\u00e9velopp\u00e9s au sein de l\u2019Institut.<\/p>\n","protected":false},"author":1,"featured_media":0,"parent":1614,"menu_order":0,"comment_status":"closed","ping_status":"closed","template":"","meta":{"footnotes":""},"class_list":["post-1629","page","type-page","status-publish","hentry"],"_links":{"self":[{"href":"https:\/\/www.institut-liebman.be\/index.php\/wp-json\/wp\/v2\/pages\/1629","targetHints":{"allow":["GET"]}}],"collection":[{"href":"https:\/\/www.institut-liebman.be\/index.php\/wp-json\/wp\/v2\/pages"}],"about":[{"href":"https:\/\/www.institut-liebman.be\/index.php\/wp-json\/wp\/v2\/types\/page"}],"author":[{"embeddable":true,"href":"https:\/\/www.institut-liebman.be\/index.php\/wp-json\/wp\/v2\/users\/1"}],"replies":[{"embeddable":true,"href":"https:\/\/www.institut-liebman.be\/index.php\/wp-json\/wp\/v2\/comments?post=1629"}],"version-history":[{"count":2,"href":"https:\/\/www.institut-liebman.be\/index.php\/wp-json\/wp\/v2\/pages\/1629\/revisions"}],"predecessor-version":[{"id":1633,"href":"https:\/\/www.institut-liebman.be\/index.php\/wp-json\/wp\/v2\/pages\/1629\/revisions\/1633"}],"up":[{"embeddable":true,"href":"https:\/\/www.institut-liebman.be\/index.php\/wp-json\/wp\/v2\/pages\/1614"}],"wp:attachment":[{"href":"https:\/\/www.institut-liebman.be\/index.php\/wp-json\/wp\/v2\/media?parent=1629"}],"curies":[{"name":"wp","href":"https:\/\/api.w.org\/{rel}","templated":true}]}}