{"id":144,"date":"2018-08-11T00:20:43","date_gmt":"2018-08-10T22:20:43","guid":{"rendered":"http:\/\/www.institut-liebman.be\/index.php\/newsletter\/"},"modified":"2021-10-01T09:20:36","modified_gmt":"2021-10-01T07:20:36","slug":"newsletter","status":"publish","type":"page","link":"https:\/\/www.institut-liebman.be\/index.php\/newsletter\/","title":{"rendered":"Inscription \u00e0 la newsletter"},"content":{"rendered":"<p>Vous souhaitez \u00eatre tenu(e) au courant de nos activit\u00e9s ? N\u2019h\u00e9sitez pas \u00e0 vous inscrire \u00e0 notre newsletter. Vous pouvez \u00e9galement, si vous pr\u00e9f\u00e9rez, nous envoyer un email \u00e0 <a href=\"mailto:institut.liebman@ulb.be\">institut.liebman@ulb.be<\/a> avec en objet \u00ab\u00a0Inscription liste de diffusion\u00a0\u00bb.<\/p>\n<p>Attention !! Apr\u00e8s inscription \u00e0 notre newsletter sur ce site, vous recevrez un courriel de confirmation dans lequel il vous sera demand\u00e9 de cliquer sur un lien pour valider votre inscription (conform\u00e9ment \u00e0 la m\u00e9thode recommand\u00e9e par la nouvelle r\u00e9glementation en mati\u00e8re de protection des donn\u00e9es).<\/p>\n<p><div class=\"tnp tnp-subscription \">\n<form method=\"post\" action=\"https:\/\/www.institut-liebman.be\/wp-admin\/admin-ajax.php?action=tnp&amp;na=s\">\n<input type=\"hidden\" name=\"nlang\" value=\"\">\n<div class=\"tnp-field tnp-field-email\"><label for=\"tnp-1\">Email<\/label>\n<input class=\"tnp-email\" type=\"email\" name=\"ne\" id=\"tnp-1\" value=\"\" placeholder=\"\" required><\/div>\n<div class=\"tnp-field tnp-privacy-field\"><label><input type=\"checkbox\" name=\"ny\" required class=\"tnp-privacy\"> <a target=\"_blank\" href=\"http:\/\/www.institut-liebman.be\/index.php\/politique-de-confidentialite\/\">j&#039;accepte la politique de confidentialit\u00e9<\/a><\/label><\/div><div class=\"tnp-field tnp-field-button\" style=\"text-align: left\"><input class=\"tnp-submit\" type=\"submit\" value=\"S&#039;abonner\" style=\"\">\n<\/div>\n<\/form>\n<\/div>\n<\/p>\n","protected":false},"excerpt":{"rendered":"<p>Vous souhaitez \u00eatre tenu(e) au courant de nos activit\u00e9s ? N\u2019h\u00e9sitez pas \u00e0 vous inscrire \u00e0 notre newsletter. Vous pouvez \u00e9galement, si vous pr\u00e9f\u00e9rez, nous envoyer un email \u00e0 institut.liebman@ulb.be avec en objet \u00ab\u00a0Inscription liste de diffusion\u00a0\u00bb. Attention !! Apr\u00e8s inscription \u00e0 notre newsletter sur ce site, vous recevrez un courriel de confirmation dans lequel il vous sera demand\u00e9 de cliquer sur un lien pour valider votre inscription (conform\u00e9ment \u00e0 la m\u00e9thode recommand\u00e9e par la nouvelle r\u00e9glementation en mati\u00e8re de<\/p>\n","protected":false},"author":1,"featured_media":0,"parent":0,"menu_order":0,"comment_status":"closed","ping_status":"closed","template":"","meta":{"footnotes":""},"class_list":["post-144","page","type-page","status-publish","hentry"],"_links":{"self":[{"href":"https:\/\/www.institut-liebman.be\/index.php\/wp-json\/wp\/v2\/pages\/144","targetHints":{"allow":["GET"]}}],"collection":[{"href":"https:\/\/www.institut-liebman.be\/index.php\/wp-json\/wp\/v2\/pages"}],"about":[{"href":"https:\/\/www.institut-liebman.be\/index.php\/wp-json\/wp\/v2\/types\/page"}],"author":[{"embeddable":true,"href":"https:\/\/www.institut-liebman.be\/index.php\/wp-json\/wp\/v2\/users\/1"}],"replies":[{"embeddable":true,"href":"https:\/\/www.institut-liebman.be\/index.php\/wp-json\/wp\/v2\/comments?post=144"}],"version-history":[{"count":17,"href":"https:\/\/www.institut-liebman.be\/index.php\/wp-json\/wp\/v2\/pages\/144\/revisions"}],"predecessor-version":[{"id":950,"href":"https:\/\/www.institut-liebman.be\/index.php\/wp-json\/wp\/v2\/pages\/144\/revisions\/950"}],"wp:attachment":[{"href":"https:\/\/www.institut-liebman.be\/index.php\/wp-json\/wp\/v2\/media?parent=144"}],"curies":[{"name":"wp","href":"https:\/\/api.w.org\/{rel}","templated":true}]}}